{"id":353,"date":"2018-05-24T08:13:29","date_gmt":"2018-05-24T06:13:29","guid":{"rendered":"https:\/\/robertlinde.de\/?page_id=353"},"modified":"2018-05-24T08:59:13","modified_gmt":"2018-05-24T06:59:13","slug":"impressum-2","status":"publish","type":"page","link":"https:\/\/robertlinde.de\/?page_id=353","title":{"rendered":"Impressum"},"content":{"rendered":"<p>COMPUTER SERVICE<br \/>\nInhaber Robert Linde<br \/>\nOststra\u00dfe 15<br \/>\n15848 Beeskow<\/p>\n<p>Tel.: 03366-4104306<br \/>\nmobil: 0176-94001541<br \/>\ninfo@robertlinde.de<\/p>\n<p><b>Haftungsausschluss:\u00a0 <\/b><br \/>\nWir sind bem\u00fcht, auf unserer Website richtige, aktuelle und vollst\u00e4ndige Informationen bereitzustellen und \u00e4ndern oder erg\u00e4nzen diese daher bei Bedarf laufend und ohne vorherige Ank\u00fcndigung.\u00a0Dennoch m\u00fcssen wir f\u00fcr die Korrektheit, Aktualit\u00e4t und Vollst\u00e4ndigkeit jede Gew\u00e4hr, Haftung oder Garantie ausschlie\u00dfen. Dies gilt auch f\u00fcr alle Verweise, sogenannte &#8222;Hyperlinks&#8220;, die wir auf unserer Website direkt oder indirekt anbieten.\u00a0Den Inhalt verlinkter Seiten verantworten deren Betreiber. Die auf unserer Website erh\u00e4ltlichen Informationen sind allgemeiner Art und stellen keine Beratung dar, vielmehr geben die Beitr\u00e4ge die Meinung des jeweiligen Autors wieder. Vor der individuellen Anwendung der Informationen ist individueller Rat einzuholen.<br \/>\n<b><br \/>\nKommunikation \u00fcber E-Mail:<\/b><br \/>\nDie Kommunikation via E-Mail kann Sicherheitsl\u00fccken aufweisen. Beispielsweise k\u00f6nnen E-Mails auf ihrem Weg zu uns durch versierte Internet-Nutzer aufgehalten und eingesehen werden. Sollte eine E-Mail eingehen, so gehen wir davon aus, dass die Beantwortung per E-Mail nicht ausgeschlossen ist. Anderenfalls ist auf eine andere Art der Kommunikation zu verweisen.<\/p>\n<p><b>Online-Streitbeilegung<br \/>\n<\/b>Die Europ\u00e4ische Kommission stellt unter <a href=\"https:\/\/ec.europa.eu\/consumers\/odr\/\">https:\/\/ec.europa.eu\/consumers\/odr\/<\/a> eine Plattform zur Online-Streitbeilegung bereit, die Verbraucher f\u00fcr die Beilegung einer Streitigkeit nutzen k\u00f6nnen und auf der weitere Informationen zum Thema Streitschlichtung zu finden sind.<\/p>\n<p><b>Au\u00dfergerichtliche Streitbeilegung<br \/>\n<\/b>Wir sind weder verpflichtet noch dazu bereit, im Falle einer Streitigkeit mit einem Verbraucher an einem Streitbeilegungsverfahren vor einer Verbraucherschlichtungsstelle teilzunehmen.<\/p>\n","protected":false},"excerpt":{"rendered":"<p>COMPUTER SERVICE Inhaber Robert Linde Oststra\u00dfe 15 15848 Beeskow Tel.: 03366-4104306 mobil: 0176-94001541 info@robertlinde.de Haftungsausschluss:\u00a0 Wir sind bem\u00fcht, auf unserer Website richtige, aktuelle und vollst\u00e4ndige Informationen bereitzustellen und \u00e4ndern oder erg\u00e4nzen diese daher bei Bedarf laufend und ohne vorherige Ank\u00fcndigung.\u00a0Dennoch m\u00fcssen wir f\u00fcr die Korrektheit, Aktualit\u00e4t und Vollst\u00e4ndigkeit jede Gew\u00e4hr, Haftung oder Garantie ausschlie\u00dfen. Dies<\/p>\n<p class=\"more-link\"><a href=\"https:\/\/robertlinde.de\/?page_id=353\" class=\"themebutton2\">READ MORE<\/a><\/p>\n","protected":false},"author":1,"featured_media":0,"parent":0,"menu_order":7,"comment_status":"closed","ping_status":"closed","template":"","meta":{"footnotes":""},"_links":{"self":[{"href":"https:\/\/robertlinde.de\/index.php?rest_route=\/wp\/v2\/pages\/353"}],"collection":[{"href":"https:\/\/robertlinde.de\/index.php?rest_route=\/wp\/v2\/pages"}],"about":[{"href":"https:\/\/robertlinde.de\/index.php?rest_route=\/wp\/v2\/types\/page"}],"author":[{"embeddable":true,"href":"https:\/\/robertlinde.de\/index.php?rest_route=\/wp\/v2\/users\/1"}],"replies":[{"embeddable":true,"href":"https:\/\/robertlinde.de\/index.php?rest_route=%2Fwp%2Fv2%2Fcomments&post=353"}],"version-history":[{"count":1,"href":"https:\/\/robertlinde.de\/index.php?rest_route=\/wp\/v2\/pages\/353\/revisions"}],"predecessor-version":[{"id":355,"href":"https:\/\/robertlinde.de\/index.php?rest_route=\/wp\/v2\/pages\/353\/revisions\/355"}],"wp:attachment":[{"href":"https:\/\/robertlinde.de\/index.php?rest_route=%2Fwp%2Fv2%2Fmedia&parent=353"}],"curies":[{"name":"wp","href":"https:\/\/api.w.org\/{rel}","templated":true}]}}