{"id":27,"date":"2015-07-24T12:10:20","date_gmt":"2015-07-24T10:10:20","guid":{"rendered":"http:\/\/robertlinde.de\/?page_id=27"},"modified":"2023-08-22T14:53:23","modified_gmt":"2023-08-22T12:53:23","slug":"start","status":"publish","type":"page","link":"https:\/\/robertlinde.de\/","title":{"rendered":"Start"},"content":{"rendered":"\n<p class=\"has-text-align-center has-very-dark-gray-color has-luminous-vivid-amber-background-color has-text-color has-background has-medium-font-size\"><strong>Bitte rufen Sie mich zur Termin Vereinbarung an.<\/strong><\/p>\n\n\n\n<hr class=\"wp-block-separator has-css-opacity\"\/>\n\n\n<div class=\"wp-block-image\">\n<figure class=\"aligncenter size-large is-resized\"><img decoding=\"async\" loading=\"lazy\" src=\"https:\/\/robertlinde.de\/wp-content\/uploads\/img_20230110_1557358572019825466018752-1024x768.jpg\" alt=\"\" class=\"wp-image-942\" style=\"width:1024px;height:768px\" width=\"1024\" height=\"768\" srcset=\"https:\/\/robertlinde.de\/wp-content\/uploads\/img_20230110_1557358572019825466018752-1024x768.jpg 1024w, https:\/\/robertlinde.de\/wp-content\/uploads\/img_20230110_1557358572019825466018752-300x225.jpg 300w, https:\/\/robertlinde.de\/wp-content\/uploads\/img_20230110_1557358572019825466018752-768x576.jpg 768w, https:\/\/robertlinde.de\/wp-content\/uploads\/img_20230110_1557358572019825466018752-1536x1152.jpg 1536w, https:\/\/robertlinde.de\/wp-content\/uploads\/img_20230110_1557358572019825466018752-2048x1536.jpg 2048w, https:\/\/robertlinde.de\/wp-content\/uploads\/img_20230110_1557358572019825466018752-380x285.jpg 380w, https:\/\/robertlinde.de\/wp-content\/uploads\/img_20230110_1557358572019825466018752-285x214.jpg 285w\" sizes=\"(max-width: 1024px) 100vw, 1024px\" \/><\/figure><\/div>\n\n\n<p><\/p>\n\n\n\n<div class=\"wp-block-media-text alignwide is-stacked-on-mobile is-vertically-aligned-top has-vivid-red-background-color has-background\" style=\"grid-template-columns:35% auto\"><figure class=\"wp-block-media-text__media\"><img decoding=\"async\" loading=\"lazy\" width=\"662\" height=\"1024\" src=\"https:\/\/robertlinde.de\/wp-content\/uploads\/191021-MWB-Poster_11x17_Light-v2-r2-662x1024.jpg\" alt=\"\" class=\"wp-image-834 size-full\" srcset=\"https:\/\/robertlinde.de\/wp-content\/uploads\/191021-MWB-Poster_11x17_Light-v2-r2-662x1024.jpg 662w, https:\/\/robertlinde.de\/wp-content\/uploads\/191021-MWB-Poster_11x17_Light-v2-r2-194x300.jpg 194w, https:\/\/robertlinde.de\/wp-content\/uploads\/191021-MWB-Poster_11x17_Light-v2-r2-768x1187.jpg 768w, https:\/\/robertlinde.de\/wp-content\/uploads\/191021-MWB-Poster_11x17_Light-v2-r2-994x1536.jpg 994w, https:\/\/robertlinde.de\/wp-content\/uploads\/191021-MWB-Poster_11x17_Light-v2-r2.jpg 1024w\" sizes=\"(max-width: 662px) 100vw, 662px\" \/><\/figure><div class=\"wp-block-media-text__content\">\n<h3 class=\"wp-block-heading has-white-color has-vivid-red-background-color has-text-color has-background\" id=\"block-9cace890-ecc6-4f8a-ad80-432b18be43fb\"><br><br><strong>Malwarebytes &#8211; Antischadsoftware<\/strong><br>Aktuelle Version auf Lager! <br><br>Preis 39,00\/PC 1 Jahr<\/h3>\n<\/div><\/div>\n\n\n\n<h3 class=\"wp-block-heading\"><strong> <\/strong><br><\/h3>\n\n\n\n<div class=\"wp-block-media-text alignwide has-media-on-the-right is-stacked-on-mobile is-vertically-aligned-top has-cyan-bluish-gray-background-color has-background\" style=\"grid-template-columns:auto 35%\"><div class=\"wp-block-media-text__content\">\n<h1 class=\"wp-block-heading has-black-color has-text-color has-background has-normal-font-size\" id=\"block-9b98805b-9732-43b9-ac7a-cc38bbf02ba3\" style=\"background-color:#f4f2d6\">Schnelle SSD Speicher auf Lager!<br><br><strong>Steigen Sie jetzt auf die neue SSD Speicher Technologie um!<br>Sie werden Ihren Computer nicht wiedererkennen..<\/strong><br><br>Bis zu 10x schneller als herk\u00f6mmliche Festplatten<br><br>&#8211; weniger Energieverbrauch<br>&#8211; bewegungs- und sto\u00dfunemfindlich<br>&#8211; ideal auch f\u00fcr den mobilen Einsatz<br><\/h1>\n\n\n\n<h2 class=\"wp-block-heading has-luminous-vivid-amber-background-color has-background has-normal-font-size\" id=\"block-9b98805b-9732-43b9-ac7a-cc38bbf02ba3\">1:1 \u00dcbernahme Ihrer Programme und Dateien m\u00f6glich!<\/h2>\n<\/div><figure class=\"wp-block-media-text__media\"><img decoding=\"async\" loading=\"lazy\" width=\"1024\" height=\"768\" src=\"https:\/\/robertlinde.de\/wp-content\/uploads\/img_20220116_1045472466909936281671715-1024x768.jpg\" alt=\"SSD`s - immer auf Lager!\" class=\"wp-image-871 size-full\" srcset=\"https:\/\/robertlinde.de\/wp-content\/uploads\/img_20220116_1045472466909936281671715-1024x768.jpg 1024w, https:\/\/robertlinde.de\/wp-content\/uploads\/img_20220116_1045472466909936281671715-300x225.jpg 300w, https:\/\/robertlinde.de\/wp-content\/uploads\/img_20220116_1045472466909936281671715-768x576.jpg 768w, https:\/\/robertlinde.de\/wp-content\/uploads\/img_20220116_1045472466909936281671715-1536x1152.jpg 1536w, https:\/\/robertlinde.de\/wp-content\/uploads\/img_20220116_1045472466909936281671715-2048x1536.jpg 2048w, https:\/\/robertlinde.de\/wp-content\/uploads\/img_20220116_1045472466909936281671715-380x285.jpg 380w, https:\/\/robertlinde.de\/wp-content\/uploads\/img_20220116_1045472466909936281671715-285x214.jpg 285w\" sizes=\"(max-width: 1024px) 100vw, 1024px\" \/><\/figure><\/div>\n\n\n\n<figure class=\"wp-block-gallery aligncenter has-nested-images columns-2 is-cropped wp-block-gallery-1 is-layout-flex wp-block-gallery-is-layout-flex\">\n<figure class=\"wp-block-image size-column1-1\/3\"><img decoding=\"async\" loading=\"lazy\" width=\"1140\" height=\"380\" data-id=\"693\" src=\"https:\/\/robertlinde.de\/wp-content\/uploads\/IMG_0606-1140x380.jpg\" alt=\"\" class=\"wp-image-693\" srcset=\"https:\/\/robertlinde.de\/wp-content\/uploads\/IMG_0606-1140x380.jpg 1140w, https:\/\/robertlinde.de\/wp-content\/uploads\/IMG_0606-380x127.jpg 380w\" sizes=\"(max-width: 1140px) 100vw, 1140px\" \/><\/figure>\n\n\n\n<figure class=\"wp-block-image size-column1-1\/3\"><img decoding=\"async\" loading=\"lazy\" width=\"1140\" height=\"380\" data-id=\"473\" src=\"https:\/\/robertlinde.de\/wp-content\/uploads\/IMG_0515-1140x380.jpg\" alt=\"\" class=\"wp-image-473\" srcset=\"https:\/\/robertlinde.de\/wp-content\/uploads\/IMG_0515-1140x380.jpg 1140w, https:\/\/robertlinde.de\/wp-content\/uploads\/IMG_0515-380x127.jpg 380w\" sizes=\"(max-width: 1140px) 100vw, 1140px\" \/><\/figure>\n<\/figure>\n\n\n<div class=\"wp-block-image\">\n<figure class=\"aligncenter size-large is-resized\"><img decoding=\"async\" loading=\"lazy\" src=\"https:\/\/robertlinde.de\/wp-content\/uploads\/Logo_v4_transp_freigestellt-1024x223.png\" alt=\"\" class=\"wp-image-214\" style=\"width:534px;height:115px\" width=\"534\" height=\"115\" srcset=\"https:\/\/robertlinde.de\/wp-content\/uploads\/Logo_v4_transp_freigestellt-1024x223.png 1024w, https:\/\/robertlinde.de\/wp-content\/uploads\/Logo_v4_transp_freigestellt-300x65.png 300w\" sizes=\"(max-width: 534px) 100vw, 534px\" \/><\/figure><\/div>\n\n\n<h2 class=\"wp-block-heading has-text-align-center\">Oststr. 15<\/h2>\n\n\n\n<h2 class=\"wp-block-heading has-text-align-center\">15848 Beeskow<\/h2>\n\n\n\n<h2 class=\"wp-block-heading has-text-align-center\"><strong>\u00d6ffnungszeiten<br>Mo. &#8211; Fr. 9-16 Uhr<\/strong><\/h2>\n\n\n\n<h2 class=\"wp-block-heading has-text-align-center\">Tel. 03366 &#8211; 4104306<\/h2>\n","protected":false},"excerpt":{"rendered":"<p>Bitte rufen Sie mich zur Termin Vereinbarung an. Malwarebytes &#8211; AntischadsoftwareAktuelle Version auf Lager! Preis 39,00\/PC 1 Jahr Schnelle SSD Speicher auf Lager! Steigen Sie jetzt auf die neue SSD Speicher Technologie um!Sie werden Ihren Computer nicht wiedererkennen.. Bis zu 10x schneller als herk\u00f6mmliche Festplatten &#8211; weniger Energieverbrauch&#8211; bewegungs- und sto\u00dfunemfindlich&#8211; ideal auch f\u00fcr den<\/p>\n<p class=\"more-link\"><a href=\"https:\/\/robertlinde.de\/\" class=\"themebutton2\">READ MORE<\/a><\/p>\n","protected":false},"author":1,"featured_media":0,"parent":0,"menu_order":1,"comment_status":"closed","ping_status":"closed","template":"","meta":{"footnotes":""},"_links":{"self":[{"href":"https:\/\/robertlinde.de\/index.php?rest_route=\/wp\/v2\/pages\/27"}],"collection":[{"href":"https:\/\/robertlinde.de\/index.php?rest_route=\/wp\/v2\/pages"}],"about":[{"href":"https:\/\/robertlinde.de\/index.php?rest_route=\/wp\/v2\/types\/page"}],"author":[{"embeddable":true,"href":"https:\/\/robertlinde.de\/index.php?rest_route=\/wp\/v2\/users\/1"}],"replies":[{"embeddable":true,"href":"https:\/\/robertlinde.de\/index.php?rest_route=%2Fwp%2Fv2%2Fcomments&post=27"}],"version-history":[{"count":134,"href":"https:\/\/robertlinde.de\/index.php?rest_route=\/wp\/v2\/pages\/27\/revisions"}],"predecessor-version":[{"id":1025,"href":"https:\/\/robertlinde.de\/index.php?rest_route=\/wp\/v2\/pages\/27\/revisions\/1025"}],"wp:attachment":[{"href":"https:\/\/robertlinde.de\/index.php?rest_route=%2Fwp%2Fv2%2Fmedia&parent=27"}],"curies":[{"name":"wp","href":"https:\/\/api.w.org\/{rel}","templated":true}]}}