{"id":12,"date":"2015-07-24T09:28:00","date_gmt":"2015-07-24T09:28:00","guid":{"rendered":"http:\/\/robertlinde.de\/?page_id=12"},"modified":"2019-02-26T10:41:46","modified_gmt":"2019-02-26T08:41:46","slug":"impressum","status":"publish","type":"page","link":"https:\/\/robertlinde.de\/?page_id=12","title":{"rendered":"Datenschutzerkl\u00e4rung"},"content":{"rendered":"\n<h2 class=\"wp-block-heading\">1. Datenschutz auf einen\nBlick<\/h2>\n\n\n\n<h3 class=\"wp-block-heading\">Allgemeine Hinweise<\/h3>\n\n\n\n<p>Die folgenden Hinweise geben einen\neinfachen \u00dcberblick dar\u00fcber, was mit Ihren personenbezogenen Daten\npassiert, wenn Sie unsere Website besuchen. Personenbezogene Daten\nsind alle Daten, mit denen Sie pers\u00f6nlich identifiziert werden\nk\u00f6nnen. Ausf\u00fchrliche Informationen zum Thema Datenschutz entnehmen\nSie unserer unter diesem Text aufgef\u00fchrten Datenschutzerkl\u00e4rung.<\/p>\n\n\n\n<h3 class=\"wp-block-heading\">Datenerfassung auf\nunserer Website<\/h3>\n\n\n\n<p>Wer ist verantwortlich f\u00fcr die\nDatenerfassung auf dieser Website?<br>\nDie Datenverarbeitung auf\ndieser Website erfolgt durch den Websitebetreiber. Dessen\nKontaktdaten k\u00f6nnen Sie dem Impressum dieser Website entnehmen.<\/p>\n\n\n\n<h3 class=\"wp-block-heading\">Kinder<\/h3>\n\n\n\n<p>Unser\nAngebot richtet sich grunds\u00e4tzlich an Erwachsene. Personen unter 18\nJahren sollten ohne Zustimmung der Eltern oder Erziehungsberechtigten\nkeine personenbezogenen Daten an uns \u00fcbermitteln.<\/p>\n\n\n\n<h3 class=\"wp-block-heading\">Wie erfassen wir Ihre\nDaten?<\/h3>\n\n\n\n<p>Ihre Daten werden zum einen dadurch\nerhoben, dass Sie uns diese mitteilen. Hierbei kann es sich z.B. um\nDaten handeln, die Sie uns per Email oder per Telefon zukommen\nlassen.<\/p>\n\n\n\n<p>Andere Daten werden automatisch beim\nBesuch der Website durch unsere IT-Systeme erfasst. Das sind vor\nallem technische Daten (z.B. Internetbrowser, Betriebssystem oder\nUhrzeit des Seitenaufrufs). Die Erfassung dieser Daten erfolgt\nautomatisch, sobald Sie unsere Website betreten.<\/p>\n\n\n\n<h3 class=\"wp-block-heading\">Wof\u00fcr nutzen wir Ihre\nDaten?<\/h3>\n\n\n\n<p>Ein Teil der Daten wird erhoben, um eine\nfehlerfreie Bereitstellung der Website zu gew\u00e4hrleisten. Andere\nDaten k\u00f6nnen zur Analyse Ihres Nutzerverhaltens verwendet werden.<\/p>\n\n\n\n<h3 class=\"wp-block-heading\">Welche Rechte haben Sie\nbez\u00fcglich Ihrer Daten?<\/h3>\n\n\n\n<p>Sie haben jederzeit das Recht\nunentgeltlich Auskunft \u00fcber Herkunft, Empf\u00e4nger und Zweck Ihrer\ngespeicherten personenbezogenen Daten zu erhalten. Sie haben au\u00dferdem\nein Recht, die Berichtigung, Sperrung oder L\u00f6schung dieser Daten zu\nverlangen. Hierzu sowie zu weiteren Fragen zum Thema Datenschutz\nk\u00f6nnen Sie sich jederzeit unter der im Impressum angegebenen Adresse\nan uns wenden. Des Weiteren steht Ihnen ein Beschwerderecht bei der\nzust\u00e4ndigen Aufsichtsbeh\u00f6rde zu.<\/p>\n\n\n\n<h2 class=\"wp-block-heading\">2. Allgemeine Hinweise\nund Pflichtinformationen<\/h2>\n\n\n\n<h3 class=\"wp-block-heading\">Datenschutz<\/h3>\n\n\n\n<p>Die Betreiber dieser Seiten nehmen den\nSchutz Ihrer pers\u00f6nlichen Daten sehr ernst. Wir behandeln Ihre\npersonenbezogenen Daten vertraulich und entsprechend der gesetzlichen\nDatenschutzvorschriften sowie dieser Datenschutzerkl\u00e4rung. Wenn Sie\ndiese Website benutzen, werden verschiedene personenbezogene Daten\nerhoben.Personenbezogene Daten sind Daten, mit denen Sie pers\u00f6nlich\nidentifiziert werden k\u00f6nnen. Die vorliegende Datenschutzerkl\u00e4rung\nerl\u00e4utert, welche Daten wir erheben und wof\u00fcr wir sie nutzen. Sie\nerl\u00e4utert auch, wie und zu welchem Zweck das geschieht. Wir weisen\ndarauf hin, dass die Daten\u00fcbertragung im Internet (z.B. bei der\nKommunikation per E-Mail) Sicherheitsl\u00fccken aufweisen kann. Ein\nl\u00fcckenloser Schutz der Daten vor dem Zugriff durch Dritte ist nicht\nm\u00f6glich.<\/p>\n\n\n\n<h3 class=\"wp-block-heading\">Hinweis zur\nverantwortlichen Stelle<\/h3>\n\n\n\n<p>Die verantwortliche Stelle f\u00fcr die Datenverarbeitung auf dieser Website ist:<\/p>\n\n\n\n<p><br> Robert Linde \u2013 Computer Service<br> Inhaber Robert Linde<br> Oststra\u00dfe 15<br> 15848 Beeskow<br> Deutschland<\/p>\n\n\n\n<p>Telefon:\n+49 (0)3366 4104306<br>\nE-Mail: info@robertlinde.de<\/p>\n\n\n\n<p>Verantwortliche Stelle ist die nat\u00fcrliche\noder juristische Person, die allein oder gemeinsam mit anderen \u00fcber\ndie Zwecke und Mittel der Verarbeitung von personenbezogenen Daten\n(z.B. Namen, E-Mail-Adressen o. \u00c4.) entscheidet.<\/p>\n\n\n\n<h3 class=\"wp-block-heading\">Widerruf Ihrer\nEinwilligung zur Datenverarbeitung<\/h3>\n\n\n\n<p>Viele Datenverarbeitungsvorg\u00e4nge sind\nnur mit Ihrer ausdr\u00fccklichen Einwilligung m\u00f6glich. Sie k\u00f6nnen eine\nbereits erteilte Einwilligung jederzeit widerrufen. Dazu reicht eine\nformlose Mitteilung per E-Mail an uns. Die Rechtm\u00e4\u00dfigkeit der bis\nzum Widerruf erfolgten Datenverarbeitung bleibt vom Widerruf\nunber\u00fchrt.<\/p>\n\n\n\n<h3 class=\"wp-block-heading\">Beschwerderecht bei der\nzust\u00e4ndigen Aufsichtsbeh\u00f6rde<\/h3>\n\n\n\n<p>Im Falle datenschutzrechtlicher Verst\u00f6\u00dfe\nsteht dem Betroffenen ein Beschwerderecht bei der zust\u00e4ndigen\nAufsichtsbeh\u00f6rde zu. Zust\u00e4ndige Aufsichtsbeh\u00f6rde in\ndatenschutzrechtlichen Fragen ist der Landesdatenschutzbeauftragte\ndes Bundeslandes, in dem unser Unternehmen seinen Sitz hat. Eine\nListe der Datenschutzbeauftragten sowie deren Kontaktdaten k\u00f6nnen\nfolgendem Link entnommen werden\nhttps:\/\/www.bfdi.bund.de\/DE\/Infothek\/Anschriften_Links\/anschriften_links-node.html.<\/p>\n\n\n\n<h3 class=\"wp-block-heading\">Recht auf\nDaten\u00fcbertragbarkeit<\/h3>\n\n\n\n<p>Sie haben das Recht, Daten, die wir auf\nGrundlage Ihrer Einwilligung oder in Erf\u00fcllung eines Vertrags\nautomatisiert verarbeiten, an sich oder an einen Dritten in einem\ng\u00e4ngigen, maschinenlesbaren Format aush\u00e4ndigen zu lassen. Sofern\nSie die direkte \u00dcbertragung der Daten an einen anderen\nVerantwortlichen verlangen, erfolgt dies nur, soweit es technisch\nmachbar ist.<\/p>\n\n\n\n<h3 class=\"wp-block-heading\">SSL- bzw.\nTLS-Verschl\u00fcsselung<\/h3>\n\n\n\n<p>Diese Seite nutzt aus Sicherheitsgr\u00fcnden\nund zum Schutz der \u00dcbertragung vertraulicher Inhalte, wie zum\nBeispiel Bestellungen oder Anfragen, die Sie an uns als\nSeitenbetreiber senden, eine SSL-bzw. TLS-Verschl\u00fcsselung. Eine\nverschl\u00fcsselte Verbindung erkennen Sie daran, dass die Adresszeile\ndes Browsers von \u201chttp:\/\/\u201d auf \u201chttps:\/\/\u201d wechselt und an dem\nSchloss-Symbol in Ihrer Browserzeile.<\/p>\n\n\n\n<p>Wenn die SSL- bzw. TLS-Verschl\u00fcsselung\naktiviert ist, k\u00f6nnen die Daten, die Sie an uns \u00fcbermitteln, nicht\nvon Dritten mitgelesen werden.<\/p>\n\n\n\n<h3 class=\"wp-block-heading\">Auskunft, Sperrung,\nL\u00f6schung<\/h3>\n\n\n\n<p>Sie haben im Rahmen der geltenden\ngesetzlichen Bestimmungen jederzeit das Recht auf unentgeltliche\nAuskunft \u00fcber Ihre gespeicherten personenbezogenen Daten, deren\nHerkunft und Empf\u00e4nger und den Zweck der Datenverarbeitung und ggf.\nein Recht auf Berichtigung, Sperrung oder L\u00f6schung dieser Daten.\nHierzu sowie zu weiteren Fragen zum Thema personenbezogene Daten\nk\u00f6nnen Sie sich jederzeit unter der im Impressum angegebenen Adresse\nan uns wenden.<\/p>\n\n\n\n<h3 class=\"wp-block-heading\">Widerspruch gegen\nWerbe-Mails<\/h3>\n\n\n\n<p>Der Nutzung von im Rahmen der\nImpressumspflicht ver\u00f6ffentlichten Kontaktdaten zur \u00dcbersendung von\nnicht ausdr\u00fccklich angeforderter Werbung und Informationsmaterialien\nwird hiermit widersprochen. Die Betreiber der Seiten behalten sich\nausdr\u00fccklich rechtliche Schritte im Falle der unverlangten Zusendung\nvon Werbeinformationen, etwa durch Spam-E-Mails, vor.<\/p>\n\n\n\n<h2 class=\"wp-block-heading\">3. Datenerfassung auf\nunserer Website<\/h2>\n\n\n\n<p><strong>Information\n\u00fcber die Erhebung personenbezogener Daten<\/strong><\/p>\n\n\n\n<p>(1)\nIm Folgenden informieren wir \u00fcber die Erhebung personenbezogener\nDaten bei Nutzung unserer Website. Personenbezogene Daten sind z.\u2009B.\nName, Adresse, E-Mail-Adressen, Nutzerverhalten.<\/p>\n\n\n\n<p>(2)\nBei einer Kontaktaufnahme mit uns per E-Mail werden die von Ihnen\nmitgeteilten Daten (Ihre E-Mail-Adresse, ggf. Ihr Name und Ihre\nTelefonnummer) von uns gespeichert, um Ihre Fragen zu beantworten.\nDie in diesem Zusammenhang anfallenden Daten l\u00f6schen wir, nachdem\ndie Speicherung nicht mehr erforderlich ist, oder die Verarbeitung\nwird eingeschr\u00e4nkt, falls gesetzliche Aufbewahrungspflichten\nbestehen.<\/p>\n\n\n\n<h3 class=\"wp-block-heading\">Server-Log-Dateien<\/h3>\n\n\n\n<p>Der Provider der Seiten erhebt und speichert automatisch Informationen in so genannten Server-Log-Dateien, die Ihr Browser automatisch an uns \u00fcbermittelt. Dies sind: <\/p>\n\n\n\n<ul><li>\nDatum\n\tund Uhrzeit der Anfrage \n\t\n\t<\/li><li>\nIP-Adresse\n\t\n\t\n\t<\/li><li>\nZeitzonendifferenz\n\tzur Greenwich Mean Time (GMT) \n\t\n\t<\/li><li>\nInhalt\n\tder Anforderung (konkrete Seite) \n\t\n\t<\/li><li>\nZugriffsstatus\/HTTP-Statuscode\n\t\n\t\n\t<\/li><li>\njeweils\n\t\u00fcbertragene Datenmenge \n\t\n\t<\/li><li>\nWebsite,\n\tvon der die Anforderung kommt \n\t\n\t<\/li><li>\nBrowser\n\t\n\t\n\t<\/li><li>\nBetriebssystem\n\tund dessen Oberfl\u00e4che sowie die Bildschirmaufl\u00f6sung \n\t\n\t<\/li><li>\nSprache\n\tund Version der Browsersoftware. \n\t\n<\/li><\/ul>\n\n\n\n<p>Eine Zusammenf\u00fchrung dieser Daten mit\nanderen Datenquellen wird nicht vorgenommen.<\/p>\n\n\n\n<p>Grundlage f\u00fcr die Datenverarbeitung ist Art. 6 Abs. 1 lit. f DSGVO, der die Verarbeitung von Daten zur Erf\u00fcllung eines Vertrags oder vorvertraglicher Ma\u00dfnahmen gestattet.<\/p>\n","protected":false},"excerpt":{"rendered":"<p>1. Datenschutz auf einen Blick Allgemeine Hinweise Die folgenden Hinweise geben einen einfachen \u00dcberblick dar\u00fcber, was mit Ihren personenbezogenen Daten passiert, wenn Sie unsere Website besuchen. Personenbezogene Daten sind alle Daten, mit denen Sie pers\u00f6nlich identifiziert werden k\u00f6nnen. Ausf\u00fchrliche Informationen zum Thema Datenschutz entnehmen Sie unserer unter diesem Text aufgef\u00fchrten Datenschutzerkl\u00e4rung. Datenerfassung auf unserer Website<\/p>\n<p class=\"more-link\"><a href=\"https:\/\/robertlinde.de\/?page_id=12\" class=\"themebutton2\">READ MORE<\/a><\/p>\n","protected":false},"author":1,"featured_media":0,"parent":0,"menu_order":6,"comment_status":"closed","ping_status":"closed","template":"","meta":{"footnotes":""},"_links":{"self":[{"href":"https:\/\/robertlinde.de\/index.php?rest_route=\/wp\/v2\/pages\/12"}],"collection":[{"href":"https:\/\/robertlinde.de\/index.php?rest_route=\/wp\/v2\/pages"}],"about":[{"href":"https:\/\/robertlinde.de\/index.php?rest_route=\/wp\/v2\/types\/page"}],"author":[{"embeddable":true,"href":"https:\/\/robertlinde.de\/index.php?rest_route=\/wp\/v2\/users\/1"}],"replies":[{"embeddable":true,"href":"https:\/\/robertlinde.de\/index.php?rest_route=%2Fwp%2Fv2%2Fcomments&post=12"}],"version-history":[{"count":34,"href":"https:\/\/robertlinde.de\/index.php?rest_route=\/wp\/v2\/pages\/12\/revisions"}],"predecessor-version":[{"id":728,"href":"https:\/\/robertlinde.de\/index.php?rest_route=\/wp\/v2\/pages\/12\/revisions\/728"}],"wp:attachment":[{"href":"https:\/\/robertlinde.de\/index.php?rest_route=%2Fwp%2Fv2%2Fmedia&parent=12"}],"curies":[{"name":"wp","href":"https:\/\/api.w.org\/{rel}","templated":true}]}}